{"id":3654,"date":"2023-02-09T12:58:04","date_gmt":"2023-02-09T11:58:04","guid":{"rendered":"https:\/\/tableroshispanos.es\/aviso-legal\/"},"modified":"2024-05-07T17:37:03","modified_gmt":"2024-05-07T15:37:03","slug":"aviso-legal","status":"publish","type":"page","link":"https:\/\/tableroshispanos.es\/pt-pt\/aviso-legal\/","title":{"rendered":"Aviso legal"},"content":{"rendered":"\t\t<div data-elementor-type=\"wp-page\" data-elementor-id=\"3654\" class=\"elementor elementor-3654 elementor-9\" data-elementor-post-type=\"page\">\n\t\t\t\t\t\t<section class=\"elementor-section elementor-top-section elementor-element elementor-element-a1028ad elementor-section-boxed elementor-section-height-default elementor-section-height-default\" data-id=\"a1028ad\" data-element_type=\"section\">\n\t\t\t\t\t\t<div class=\"elementor-container elementor-column-gap-default\">\n\t\t\t\t\t<div class=\"elementor-column elementor-col-100 elementor-top-column elementor-element elementor-element-28e761d\" data-id=\"28e761d\" data-element_type=\"column\">\n\t\t\t<div class=\"elementor-widget-wrap elementor-element-populated\">\n\t\t\t\t\t\t<div class=\"elementor-element elementor-element-8ba7a09 elementor-widget elementor-widget-text-editor\" data-id=\"8ba7a09\" data-element_type=\"widget\" data-widget_type=\"text-editor.default\">\n\t\t\t\t<div class=\"elementor-widget-container\">\n\t\t\t\t\t\t\t\t\t<h2>Identifica\u00e7\u00e3o e propriedade<\/h2>\n<p>Em conformidade com o artigo 10 da Lei 34\/2002, de 11 de julho, de Servi\u00e7os da Sociedade da Informa\u00e7\u00e3o e do Com\u00e9rcio Eletr\u00f3nico, o Titular apresenta os seus dados de identifica\u00e7\u00e3o:<\/p>\n<\/p>\n<ul>\n<li><b>Propriet\u00e1rio:<\/b> Tableros Hispanos.<\/li>\n<li>N.<b>\u00ba DE IVA:<\/b> B27453398<\/li>\n<li><b>Endere\u00e7o:<\/b> LU-546, Km. 1, 27160 Nadela, Lugo &#8211; Espanha.<\/li>\n<li>Correio <b>eletr\u00f3nico:<\/b> lopd@tableroshispanos.es<\/li>\n<li><b>Visita o s\u00edtio Web:<\/b>  <a href=\"https:\/\/tableroshispanos.es\/pt-pt\/\">https:\/\/tableroshispanos.es<\/a><\/li>\n<\/ul>\n<h2>Condi\u00e7\u00f5es de utiliza\u00e7\u00e3o<\/h2>\n<p>A utiliza\u00e7\u00e3o do s\u00edtio Web confere-te o estatuto de Utilizador e implica a plena aceita\u00e7\u00e3o de todas as cl\u00e1usulas e condi\u00e7\u00f5es de utiliza\u00e7\u00e3o inclu\u00eddas nas p\u00e1ginas:<\/p>\n<ul>\n<li><a href=\"https:\/\/tableroshispanos.es\/aviso-legal\/\">Aviso legal<\/a><\/li>\n<li><a href=\"https:\/\/tableroshispanos.es\/politica-de-privacidad\/\">Pol\u00edtica de privacidade<\/a><\/li>\n<li><a href=\"https:\/\/tableroshispanos.es\/politica-de-cookies\/\">Pol\u00edtica de cookies<\/a><\/li>\n<\/ul>\n<p>Se n\u00e3o concordares com todos e cada um destes termos e condi\u00e7\u00f5es, n\u00e3o utilizes o Website.<\/p>\n<p>O acesso ao s\u00edtio Web n\u00e3o implica de modo algum o in\u00edcio de uma rela\u00e7\u00e3o comercial com o Propriet\u00e1rio.<\/p>\n<p>Atrav\u00e9s do Website, o Titular proporciona-te o acesso e a utiliza\u00e7\u00e3o de diversos conte\u00fados que o Titular e\/ou os seus colaboradores publicaram na Internet.<\/p>\n<p>Para este efeito, obrigas-te e comprometes-te a N\u00c3O utilizar nenhum dos conte\u00fados do Site para fins ou efeitos il\u00edcitos, proibidos no presente Aviso Legal ou na legisla\u00e7\u00e3o em vigor, lesivos dos direitos e interesses de terceiros, ou que de qualquer forma possam danificar, inutilizar, sobrecarregar, deteriorar ou impedir a normal utiliza\u00e7\u00e3o dos conte\u00fados, equipamentos inform\u00e1ticos ou documentos, ficheiros e todo o tipo de conte\u00fados armazenados em qualquer equipamento inform\u00e1tico propriedade ou contratado pelo Propriet\u00e1rio, por outros utilizadores ou por qualquer utilizador da Internet.<\/p>\n<h2>Medidas de seguran\u00e7a<\/h2>\n<p>Os dados pessoais fornecidos ao Titular podem ser armazenados em bases de dados automatizadas ou n\u00e3o automatizadas, cuja propriedade corresponde exclusivamente ao Titular, que assume todas as medidas t\u00e9cnicas, organizacionais e de seguran\u00e7a que garantam a confidencialidade, integridade e qualidade das informa\u00e7\u00f5es nelas contidas, de acordo com as disposi\u00e7\u00f5es da legisla\u00e7\u00e3o vigente sobre prote\u00e7\u00e3o de dados.<\/p>\n<p>No entanto, deves estar ciente de que as medidas de seguran\u00e7a dos sistemas inform\u00e1ticos na Internet n\u00e3o s\u00e3o totalmente fi\u00e1veis e que, portanto, o Titular n\u00e3o pode garantir a inexist\u00eancia de v\u00edrus ou outros elementos que possam causar altera\u00e7\u00f5es nos sistemas inform\u00e1ticos do Utilizador (software e hardware) ou nos seus documentos electr\u00f3nicos e ficheiros neles contidos, embora o Titular fa\u00e7a todos os esfor\u00e7os e tome as medidas de seguran\u00e7a necess\u00e1rias para evitar a presen\u00e7a desses elementos nocivos.<\/p>\n<h2>Processamento de dados pessoais<\/h2>\n<p>Podes consultar todas as informa\u00e7\u00f5es relativas ao tratamento dos dados pessoais recolhidos pelo respons\u00e1vel pelo tratamento de dados na p\u00e1gina <a href=\"https:\/\/tableroshispanos.es\/politica-de-privacidad\/\">Pol\u00edtica de privacidade<\/a>.<\/p>\n<h2>Conte\u00fado<\/h2>\n<p>O Propriet\u00e1rio obteve as informa\u00e7\u00f5es, o conte\u00fado multim\u00e9dia e os materiais contidos no Website de fontes que acredita serem confi\u00e1veis, mas embora tenha tomado todas as medidas razo\u00e1veis para garantir que as informa\u00e7\u00f5es contidas sejam corretas, o Propriet\u00e1rio n\u00e3o garante que sejam precisas, completas ou atualizadas. O Propriet\u00e1rio renuncia expressamente a qualquer responsabilidade por erros ou omiss\u00f5es nas informa\u00e7\u00f5es contidas nas p\u00e1ginas do s\u00edtio Web.<\/p>\n<p>\u00c9 proibido transmitir ou enviar atrav\u00e9s do Website qualquer conte\u00fado ilegal ou il\u00edcito, v\u00edrus inform\u00e1ticos ou mensagens que, em geral, afectem ou violem os direitos do Propriet\u00e1rio ou de terceiros.<\/p>\n<p>Os conte\u00fados do s\u00edtio Web destinam-se apenas a fins informativos e n\u00e3o devem, em circunst\u00e2ncia alguma, ser utilizados ou considerados como uma oferta de venda, uma solicita\u00e7\u00e3o de uma oferta de compra ou uma recomenda\u00e7\u00e3o para efetuar qualquer outra transa\u00e7\u00e3o, salvo indica\u00e7\u00e3o expressa em contr\u00e1rio.<\/p>\n<p>O Propriet\u00e1rio reserva-se o direito de modificar, suspender, cancelar ou restringir o conte\u00fado do Website, liga\u00e7\u00f5es ou informa\u00e7\u00f5es obtidas atrav\u00e9s do Website, sem aviso pr\u00e9vio.<\/p>\n<p>O Propriet\u00e1rio n\u00e3o se responsabiliza por quaisquer danos que possam advir da utiliza\u00e7\u00e3o da informa\u00e7\u00e3o no Website ou contida nas redes sociais do Propriet\u00e1rio.<\/p>\n<h2>Pol\u00edtica de cookies<\/h2>\n<p>Podes consultar todas as informa\u00e7\u00f5es relativas \u00e0 pol\u00edtica de recolha e tratamento de cookies na p\u00e1gina <a href=\"https:\/\/tableroshispanos.es\/politica-de-cookies\/\">Pol\u00edtica de Cookies<\/a>.<\/p>\n<h2>Liga\u00e7\u00f5es a outros s\u00edtios Web<\/h2>\n<p>O Propriet\u00e1rio poder\u00e1 facultar-te o acesso a sites de terceiros atrav\u00e9s de links com o \u00fanico objetivo de te informar da exist\u00eancia de outras fontes de informa\u00e7\u00e3o na Internet onde poder\u00e1s encontrar mais informa\u00e7\u00f5es sobre o Site.<\/p>\n<p>Estas liga\u00e7\u00f5es a outros sites n\u00e3o constituem de forma alguma uma sugest\u00e3o ou recomenda\u00e7\u00e3o para que visites os sites de destino, que est\u00e3o fora do controlo do Propriet\u00e1rio, e o Propriet\u00e1rio n\u00e3o \u00e9 respons\u00e1vel pelo conte\u00fado dos sites ligados ou pelo resultado que obtiveres ao seguires as liga\u00e7\u00f5es. Da mesma forma, o Propriet\u00e1rio n\u00e3o \u00e9 respons\u00e1vel pelas liga\u00e7\u00f5es ou links localizados nos sites ligados aos quais d\u00e1 acesso.<\/p>\n<p>O estabelecimento da liga\u00e7\u00e3o n\u00e3o implica, em caso algum, a exist\u00eancia de uma rela\u00e7\u00e3o entre o Titular e o propriet\u00e1rio do site onde a liga\u00e7\u00e3o \u00e9 estabelecida, nem a aceita\u00e7\u00e3o ou aprova\u00e7\u00e3o pelo Titular dos seus conte\u00fados ou servi\u00e7os.<\/p>\n<p>Se acederes a um s\u00edtio Web externo a partir de uma liga\u00e7\u00e3o que encontras no s\u00edtio Web, deves ler a pol\u00edtica de privacidade do outro s\u00edtio Web, que pode ser diferente da deste s\u00edtio Web.<\/p>\n<h2>Propriedade intelectual e industrial<\/h2>\n<p>Todos os direitos reservados.<\/p>\n<p>O acesso a este s\u00edtio Web est\u00e1 sujeito \u00e0s seguintes condi\u00e7\u00f5es: a reprodu\u00e7\u00e3o, o armazenamento permanente e a divulga\u00e7\u00e3o dos conte\u00fados ou qualquer outra utiliza\u00e7\u00e3o para fins p\u00fablicos ou comerciais s\u00e3o expressamente proibidos sem o consentimento pr\u00e9vio e expresso por escrito do Propriet\u00e1rio.<\/p>\n<h2>Limita\u00e7\u00e3o da responsabilidade<\/h2>\n<p>O Propriet\u00e1rio declina qualquer responsabilidade em caso de interrup\u00e7\u00e3o ou de mau funcionamento dos Servi\u00e7os ou dos conte\u00fados propostos na Internet, qualquer que seja a sua causa. Da mesma forma, o Titular n\u00e3o ser\u00e1 respons\u00e1vel por interrup\u00e7\u00f5es na rede, perda de neg\u00f3cios como resultado de tais interrup\u00e7\u00f5es, interrup\u00e7\u00f5es tempor\u00e1rias de energia ou qualquer outro tipo de dano indireto que possa ser causado por causas fora do controlo do Titular.<\/p>\n<p>Antes de tomar decis\u00f5es e\/ou ac\u00e7\u00f5es com base nas informa\u00e7\u00f5es contidas no s\u00edtio Web, o Propriet\u00e1rio recomenda que verifiques e compares as informa\u00e7\u00f5es recebidas com outras fontes.<\/p>\n<h2>Jurisdi\u00e7\u00e3o<\/h2>\n<p>O presente Aviso Legal rege-se inteiramente pela legisla\u00e7\u00e3o espanhola.<\/p>\n<h2>Contacto<\/h2>\n<p>Se tiveres alguma d\u00favida sobre este Aviso Legal ou quiseres fazer algum coment\u00e1rio sobre o S\u00edtio Web, podes enviar uma mensagem de correio eletr\u00f3nico para o seguinte endere\u00e7o: lopd@tableroshispanos.es<\/p>\n\t\t\t\t\t\t\t\t<\/div>\n\t\t\t\t<\/div>\n\t\t\t\t\t<\/div>\n\t\t<\/div>\n\t\t\t\t\t<\/div>\n\t\t<\/section>\n\t\t\t\t<section class=\"elementor-section elementor-top-section elementor-element elementor-element-2f483bc elementor-section-boxed elementor-section-height-default elementor-section-height-default\" data-id=\"2f483bc\" data-element_type=\"section\">\n\t\t\t\t\t\t<div class=\"elementor-container elementor-column-gap-default\">\n\t\t\t\t\t<div class=\"elementor-column elementor-col-100 elementor-top-column elementor-element elementor-element-76a6f7a\" data-id=\"76a6f7a\" data-element_type=\"column\">\n\t\t\t<div class=\"elementor-widget-wrap elementor-element-populated\">\n\t\t\t\t\t\t<section class=\"elementor-section elementor-inner-section elementor-element elementor-element-87df8f7 elementor-section-stretched elementor-section-height-default elementor-section-boxed elementor-section-height-default\" data-id=\"87df8f7\" data-element_type=\"section\" data-settings=\"{&quot;stretch_section&quot;:&quot;section-stretched&quot;}\">\n\t\t\t\t\t\t<div class=\"elementor-container elementor-column-gap-default\">\n\t\t\t\t\t<div class=\"elementor-column elementor-col-100 elementor-top-column elementor-element elementor-element-4500a25\" data-id=\"4500a25\" data-element_type=\"column\">\n\t\t\t<div class=\"elementor-widget-wrap\">\n\t\t\t\t\t\t\t<\/div>\n\t\t<\/div>\n\t\t\t\t\t<\/div>\n\t\t<\/section>\n\t\t\t\t\t<\/div>\n\t\t<\/div>\n\t\t\t\t\t<\/div>\n\t\t<\/section>\n\t\t\t\t<\/div>\n\t\t","protected":false},"excerpt":{"rendered":"<p>Identifica\u00e7\u00e3o e propriedade Em conformidade com o artigo 10 da Lei 34\/2002, de 11 de julho, de Servi\u00e7os da Sociedade da Informa\u00e7\u00e3o e do Com\u00e9rcio Eletr\u00f3nico, o Titular apresenta os seus dados de identifica\u00e7\u00e3o: Propriet\u00e1rio: Tableros Hispanos. N.\u00ba DE IVA: B27453398 Endere\u00e7o: LU-546, Km. 1, 27160 Nadela, Lugo &#8211; Espanha. Correio eletr\u00f3nico: lopd@tableroshispanos.es Visita o [&hellip;]<\/p>\n","protected":false},"author":3,"featured_media":3641,"parent":0,"menu_order":10,"comment_status":"closed","ping_status":"closed","template":"elementor_header_footer","meta":{"_acf_changed":false,"footnotes":""},"false":[],"class_list":["post-3654","page","type-page","status-publish","has-post-thumbnail","hentry"],"acf":[],"_links":{"self":[{"href":"https:\/\/tableroshispanos.es\/pt-pt\/wp-json\/wp\/v2\/pages\/3654","targetHints":{"allow":["GET"]}}],"collection":[{"href":"https:\/\/tableroshispanos.es\/pt-pt\/wp-json\/wp\/v2\/pages"}],"about":[{"href":"https:\/\/tableroshispanos.es\/pt-pt\/wp-json\/wp\/v2\/types\/page"}],"author":[{"embeddable":true,"href":"https:\/\/tableroshispanos.es\/pt-pt\/wp-json\/wp\/v2\/users\/3"}],"replies":[{"embeddable":true,"href":"https:\/\/tableroshispanos.es\/pt-pt\/wp-json\/wp\/v2\/comments?post=3654"}],"version-history":[{"count":4,"href":"https:\/\/tableroshispanos.es\/pt-pt\/wp-json\/wp\/v2\/pages\/3654\/revisions"}],"predecessor-version":[{"id":3781,"href":"https:\/\/tableroshispanos.es\/pt-pt\/wp-json\/wp\/v2\/pages\/3654\/revisions\/3781"}],"wp:featuredmedia":[{"embeddable":true,"href":"https:\/\/tableroshispanos.es\/pt-pt\/wp-json\/wp\/v2\/media\/3641"}],"wp:attachment":[{"href":"https:\/\/tableroshispanos.es\/pt-pt\/wp-json\/wp\/v2\/media?parent=3654"}],"wp:term":[{"taxonomy":"product_tag","embeddable":true,"href":"https:\/\/tableroshispanos.es\/pt-pt\/wp-json\/wp\/v2\/false?post=3654"}],"curies":[{"name":"wp","href":"https:\/\/api.w.org\/{rel}","templated":true}]}}