{"id":3688,"date":"2023-08-16T09:48:12","date_gmt":"2023-08-16T07:48:12","guid":{"rendered":"https:\/\/tableroshispanos.es\/trabalha-connosco\/"},"modified":"2024-05-07T17:24:53","modified_gmt":"2024-05-07T15:24:53","slug":"trabalha-connosco","status":"publish","type":"page","link":"https:\/\/tableroshispanos.es\/pt-pt\/trabalha-connosco\/","title":{"rendered":"Trabalha connosco"},"content":{"rendered":"\t\t<div data-elementor-type=\"wp-page\" data-elementor-id=\"3688\" class=\"elementor elementor-3688 elementor-614\" data-elementor-post-type=\"page\">\n\t\t\t\t\t\t<section class=\"elementor-section elementor-top-section elementor-element elementor-element-2f56b4e4 elementor-section-boxed elementor-section-height-default elementor-section-height-default\" data-id=\"2f56b4e4\" data-element_type=\"section\" data-settings=\"{&quot;background_background&quot;:&quot;classic&quot;}\">\n\t\t\t\t\t\t\t<div class=\"elementor-background-overlay\"><\/div>\n\t\t\t\t\t\t\t<div class=\"elementor-container elementor-column-gap-default\">\n\t\t\t\t\t<div class=\"elementor-column elementor-col-100 elementor-top-column elementor-element elementor-element-4d31d893 elementor-invisible\" data-id=\"4d31d893\" data-element_type=\"column\" data-settings=\"{&quot;animation&quot;:&quot;fadeInUp&quot;}\">\n\t\t\t<div class=\"elementor-widget-wrap elementor-element-populated\">\n\t\t\t\t\t\t<div class=\"elementor-element elementor-element-1a1ca659 elementor-widget elementor-widget-heading\" data-id=\"1a1ca659\" data-element_type=\"widget\" data-widget_type=\"heading.default\">\n\t\t\t\t<div class=\"elementor-widget-container\">\n\t\t\t\t\t<h2 class=\"elementor-heading-title elementor-size-default\">Trabalha connosco<\/h2>\t\t\t\t<\/div>\n\t\t\t\t<\/div>\n\t\t\t\t<div class=\"elementor-element elementor-element-6e57843 elementor-widget elementor-widget-text-editor\" data-id=\"6e57843\" data-element_type=\"widget\" data-widget_type=\"text-editor.default\">\n\t\t\t\t<div class=\"elementor-widget-container\">\n\t\t\t\t\t\t\t\t\t<p>Envia-nos o teu CV e n\u00f3s transmiti-lo-emos ao nosso departamento de RH, que te contactar\u00e1 se o teu perfil profissional corresponder a alguma das nossas vagas.<\/p>\n\t\t\t\t\t\t\t\t<\/div>\n\t\t\t\t<\/div>\n\t\t\t\t\t<\/div>\n\t\t<\/div>\n\t\t\t\t\t<\/div>\n\t\t<\/section>\n\t\t\t\t<section class=\"elementor-section elementor-top-section elementor-element elementor-element-3960cb64 elementor-section-boxed elementor-section-height-default elementor-section-height-default\" data-id=\"3960cb64\" data-element_type=\"section\" data-settings=\"{&quot;background_background&quot;:&quot;classic&quot;}\">\n\t\t\t\t\t\t<div class=\"elementor-container elementor-column-gap-default\">\n\t\t\t\t\t<div class=\"elementor-column elementor-col-100 elementor-top-column elementor-element elementor-element-3425a845\" data-id=\"3425a845\" data-element_type=\"column\">\n\t\t\t<div class=\"elementor-widget-wrap elementor-element-populated\">\n\t\t\t\t\t\t<section class=\"elementor-section elementor-inner-section elementor-element elementor-element-2a4e970d elementor-section-boxed elementor-section-height-default elementor-section-height-default elementor-invisible\" data-id=\"2a4e970d\" data-element_type=\"section\" data-settings=\"{&quot;background_background&quot;:&quot;classic&quot;,&quot;animation&quot;:&quot;fadeInDown&quot;}\">\n\t\t\t\t\t\t<div class=\"elementor-container elementor-column-gap-default\">\n\t\t\t\t\t<div class=\"elementor-column elementor-col-100 elementor-inner-column elementor-element elementor-element-224612bf\" data-id=\"224612bf\" data-element_type=\"column\">\n\t\t\t<div class=\"elementor-widget-wrap elementor-element-populated\">\n\t\t\t\t\t\t<div class=\"elementor-element elementor-element-3dce7d8f elementor-button-align-stretch elementor-widget elementor-widget-form\" data-id=\"3dce7d8f\" data-element_type=\"widget\" data-settings=\"{&quot;step_next_label&quot;:&quot;Seguinte&quot;,&quot;step_previous_label&quot;:&quot;Anterior&quot;,&quot;button_width&quot;:&quot;100&quot;,&quot;step_type&quot;:&quot;number_text&quot;,&quot;step_icon_shape&quot;:&quot;circle&quot;}\" data-widget_type=\"form.default\">\n\t\t\t\t<div class=\"elementor-widget-container\">\n\t\t\t\t\t\t\t<form class=\"elementor-form\" method=\"post\" name=\"Novo formul\u00e1rio\" aria-label=\"Novo formul\u00e1rio\">\n\t\t\t<input type=\"hidden\" name=\"post_id\" value=\"3688\"\/>\n\t\t\t<input type=\"hidden\" name=\"form_id\" value=\"3dce7d8f\"\/>\n\t\t\t<input type=\"hidden\" name=\"referer_title\" value=\"Trabalha connosco - Tableros Hispanos\" \/>\n\n\t\t\t\t\t\t\t<input type=\"hidden\" name=\"queried_id\" value=\"3688\"\/>\n\t\t\t\n\t\t\t<div class=\"elementor-form-fields-wrapper elementor-labels-above\">\n\t\t\t\t\t\t\t\t<div class=\"elementor-field-type-text elementor-field-group elementor-column elementor-field-group-Nombre elementor-col-50 elementor-field-required elementor-mark-required\">\n\t\t\t\t\t\t\t\t\t\t\t\t<label for=\"form-field-Nombre\" class=\"elementor-field-label\">\n\t\t\t\t\t\t\t\tNome completo\t\t\t\t\t\t\t<\/label>\n\t\t\t\t\t\t\t\t\t\t\t\t\t\t<input size=\"1\" type=\"text\" name=\"form_fields[Nombre]\" id=\"form-field-Nombre\" class=\"elementor-field elementor-size-md  elementor-field-textual\" placeholder=\"Nome e apelido\" required=\"required\">\n\t\t\t\t\t\t\t\t\t\t\t<\/div>\n\t\t\t\t\t\t\t\t<div class=\"elementor-field-type-email elementor-field-group elementor-column elementor-field-group-email elementor-col-60 elementor-field-required elementor-mark-required\">\n\t\t\t\t\t\t\t\t\t\t\t\t<label for=\"form-field-email\" class=\"elementor-field-label\">\n\t\t\t\t\t\t\t\tCorreio eletr\u00f3nico\t\t\t\t\t\t\t<\/label>\n\t\t\t\t\t\t\t\t\t\t\t\t\t\t<input size=\"1\" type=\"email\" name=\"form_fields[email]\" id=\"form-field-email\" class=\"elementor-field elementor-size-md  elementor-field-textual\" placeholder=\"Correio eletr\u00f3nico\" required=\"required\">\n\t\t\t\t\t\t\t\t\t\t\t<\/div>\n\t\t\t\t\t\t\t\t<div class=\"elementor-field-type-tel elementor-field-group elementor-column elementor-field-group-telefono elementor-col-50 elementor-field-required elementor-mark-required\">\n\t\t\t\t\t\t\t\t\t\t\t\t<label for=\"form-field-telefono\" class=\"elementor-field-label\">\n\t\t\t\t\t\t\t\tTelefone\t\t\t\t\t\t\t<\/label>\n\t\t\t\t\t\t\t\t<input size=\"1\" type=\"tel\" name=\"form_fields[telefono]\" id=\"form-field-telefono\" class=\"elementor-field elementor-size-md  elementor-field-textual\" placeholder=\"Telefone\" required=\"required\" pattern=\"[0-9()#&amp;+*-=.]+\" title=\"Only numbers and phone characters (#, -, *, etc) are accepted.\">\n\n\t\t\t\t\t\t<\/div>\n\t\t\t\t\t\t\t\t<div class=\"elementor-field-type-select elementor-field-group elementor-column elementor-field-group-field_f29a53b elementor-col-100 elementor-field-required elementor-mark-required\">\n\t\t\t\t\t\t\t\t\t\t\t\t<label for=\"form-field-field_f29a53b\" class=\"elementor-field-label\">\n\t\t\t\t\t\t\t\tCargo \/ Departamento\t\t\t\t\t\t\t<\/label>\n\t\t\t\t\t\t\t\t<div class=\"elementor-field elementor-select-wrapper remove-before \">\n\t\t\t<div class=\"select-caret-down-wrapper\">\n\t\t\t\t<i aria-hidden=\"true\" class=\"eicon-caret-down\"><\/i>\t\t\t<\/div>\n\t\t\t<select name=\"form_fields[field_f29a53b]\" id=\"form-field-field_f29a53b\" class=\"elementor-field-textual elementor-size-md\" required=\"required\">\n\t\t\t\t\t\t\t\t\t<option value=\"Manuten\u00e7\u00e3o el\u00e9ctrica e\/ou eletr\u00f3nica\">Manuten\u00e7\u00e3o el\u00e9ctrica e\/ou eletr\u00f3nica<\/option>\n\t\t\t\t\t\t\t\t\t<option value=\"Manuten\u00e7\u00e3o mec\u00e2nica\">Manuten\u00e7\u00e3o mec\u00e2nica<\/option>\n\t\t\t\t\t\t\t\t\t<option value=\"Trabalhador da produ\u00e7\u00e3o\">Trabalhador da produ\u00e7\u00e3o<\/option>\n\t\t\t\t\t\t\t\t\t<option value=\"Operador de empilhador\">Operador de empilhador<\/option>\n\t\t\t\t\t\t\t\t\t<option value=\"Cargos de dire\u00e7\u00e3o e administra\u00e7\u00e3o\">Cargos de dire\u00e7\u00e3o e administra\u00e7\u00e3o<\/option>\n\t\t\t\t\t\t\t\t\t<option value=\"Outros cargos\">Outros cargos<\/option>\n\t\t\t\t\t\t\t<\/select>\n\t\t<\/div>\n\t\t\t\t\t\t<\/div>\n\t\t\t\t\t\t\t\t<div class=\"elementor-field-type-textarea elementor-field-group elementor-column elementor-field-group-message elementor-col-100 elementor-field-required elementor-mark-required\">\n\t\t\t\t\t\t\t\t\t\t\t\t<label for=\"form-field-message\" class=\"elementor-field-label\">\n\t\t\t\t\t\t\t\tApresenta\u00e7\u00e3o\t\t\t\t\t\t\t<\/label>\n\t\t\t\t\t\t<textarea class=\"elementor-field-textual elementor-field  elementor-size-md\" name=\"form_fields[message]\" id=\"form-field-message\" rows=\"4\" placeholder=\"Breve apresenta\u00e7\u00e3o\" required=\"required\"><\/textarea>\t\t\t\t<\/div>\n\t\t\t\t\t\t\t\t<div class=\"elementor-field-type-upload elementor-field-group elementor-column elementor-field-group-field_69ee41a elementor-col-100 elementor-field-required elementor-mark-required\">\n\t\t\t\t\t\t\t\t\t\t\t\t<label for=\"form-field-field_69ee41a\" class=\"elementor-field-label\">\n\t\t\t\t\t\t\t\tCurr\u00edculo\t\t\t\t\t\t\t<\/label>\n\t\t\t\t\t\t\t\t<input type=\"file\" name=\"form_fields[field_69ee41a]\" id=\"form-field-field_69ee41a\" class=\"elementor-field elementor-size-md  elementor-upload-field\" required=\"required\">\n\n\t\t\t\t\t\t<\/div>\n\t\t\t\t\t\t\t\t<div class=\"elementor-field-type-acceptance elementor-field-group elementor-column elementor-field-group-field_8d19365 elementor-col-100\">\n\t\t\t\t\t\t\t<div class=\"elementor-field-subgroup\">\n\t\t\t<span class=\"elementor-field-option\">\n\t\t\t\t<input type=\"checkbox\" name=\"form_fields[field_8d19365]\" id=\"form-field-field_8d19365\" class=\"elementor-field elementor-size-md  elementor-acceptance-field\">\n\t\t\t\t<label for=\"form-field-field_8d19365\">Li e aceito a <a href=\"https:\/\/tableroshispanos.es\/politica-de-privacidad\">Pol\u00edtica de Privacidade<\/a>.<\/label>\t\t\t<\/span>\n\t\t<\/div>\n\t\t\t\t\t\t<\/div>\n\t\t\t\t\t\t\t\t<div class=\"elementor-field-group elementor-column elementor-field-type-submit elementor-col-100 e-form__buttons\">\n\t\t\t\t\t<button class=\"elementor-button elementor-size-md\" type=\"submit\">\n\t\t\t\t\t\t<span class=\"elementor-button-content-wrapper\">\n\t\t\t\t\t\t\t\t\t\t\t\t\t\t\t<span class=\"elementor-button-icon\">\n\t\t\t\t\t\t\t\t\t<i aria-hidden=\"true\" class=\"far fa-envelope\"><\/i>\t\t\t\t\t\t\t\t\t\t\t\t\t\t\t\t\t<\/span>\n\t\t\t\t\t\t\t\t\t\t\t\t\t\t\t\t\t\t\t\t\t\t<span class=\"elementor-button-text\">Envia a tua candidatura<\/span>\n\t\t\t\t\t\t\t\t\t\t\t\t\t<\/span>\n\t\t\t\t\t<\/button>\n\t\t\t\t<\/div>\n\t\t\t<\/div>\n\t\t<\/form>\n\t\t\t\t\t\t<\/div>\n\t\t\t\t<\/div>\n\t\t\t\t<div class=\"elementor-element elementor-element-eb41a2f elementor-widget elementor-widget-text-editor\" data-id=\"eb41a2f\" data-element_type=\"widget\" data-widget_type=\"text-editor.default\">\n\t\t\t\t<div class=\"elementor-widget-container\">\n\t\t\t\t\t\t\t\t\t<p>Respons\u00e1vel pelo tratamento de dados: Os teus dados ser\u00e3o tratados por qualquer uma das empresas indicadas na Pol\u00edtica de Privacidade deste s\u00edtio Web. Finalidade e legitimidade: os teus dados ser\u00e3o tratados para os fins especificados no motivo do contacto e para poder responder aos teus pedidos ou consultas, com base legal no consentimento expresso. Transfer\u00eancias: n\u00e3o ser\u00e3o transferidas para terceiros, a menos que a tal sejas legalmente obrigado. Prazo: os teus dados ser\u00e3o tratados durante o tempo estritamente necess\u00e1rio para o cumprimento da finalidade ou finalidades espec\u00edficas para as quais foram recolhidos, at\u00e9 que sejam cancelados em resposta ao exerc\u00edcio pelo titular dos direitos correspondentes. Direitos: informamos-te de que podes exercer os teus direitos de acesso, retifica\u00e7\u00e3o, cancelamento e oposi\u00e7\u00e3o ao tratamento dos teus dados atrav\u00e9s deste formul\u00e1rio de contacto ou contactando-nos atrav\u00e9s do seguinte endere\u00e7o eletr\u00f3nico:  <a href=\"mailto:contacto@tableroshispanos.es\">contacto@tableroshispanos.es<\/a>ou por escrito, anexando uma c\u00f3pia de um documento comprovativo da tua identidade, para o seguinte endere\u00e7o: Carretera Lu-546, KM 1, Lugo, 27160, Lugo. Informa\u00e7\u00f5es adicionais: podes consultar informa\u00e7\u00f5es adicionais e detalhadas sobre a prote\u00e7\u00e3o de dados na nossa <a href=\"https:\/\/tableroshispanos.es\/politica-de-privacidad\/\">Pol\u00edtica de Privacidade<\/a>.<\/p>\n\t\t\t\t\t\t\t\t<\/div>\n\t\t\t\t<\/div>\n\t\t\t\t\t<\/div>\n\t\t<\/div>\n\t\t\t\t\t<\/div>\n\t\t<\/section>\n\t\t\t\t<section class=\"elementor-section elementor-inner-section elementor-element elementor-element-7c3a4da1 elementor-section-boxed elementor-section-height-default elementor-section-height-default\" data-id=\"7c3a4da1\" data-element_type=\"section\">\n\t\t\t\t\t\t<div class=\"elementor-container elementor-column-gap-default\">\n\t\t\t\t\t<div class=\"elementor-column elementor-col-100 elementor-inner-column elementor-element elementor-element-5fc857a9 elementor-invisible\" data-id=\"5fc857a9\" data-element_type=\"column\" data-settings=\"{&quot;animation&quot;:&quot;fadeInDown&quot;,&quot;animation_delay&quot;:200}\">\n\t\t\t<div class=\"elementor-widget-wrap elementor-element-populated\">\n\t\t\t\t\t\t<div class=\"elementor-element elementor-element-6be55a9f elementor-widget elementor-widget-heading\" data-id=\"6be55a9f\" data-element_type=\"widget\" data-widget_type=\"heading.default\">\n\t\t\t\t<div class=\"elementor-widget-container\">\n\t\t\t\t\t<h4 class=\"elementor-heading-title elementor-size-default\">Precisas de ajuda?<\/h4>\t\t\t\t<\/div>\n\t\t\t\t<\/div>\n\t\t\t\t<div class=\"elementor-element elementor-element-1a21e951 elementor-align-center elementor-widget elementor-widget-button\" data-id=\"1a21e951\" data-element_type=\"widget\" data-widget_type=\"button.default\">\n\t\t\t\t<div class=\"elementor-widget-container\">\n\t\t\t\t\t\t\t\t\t<div class=\"elementor-button-wrapper\">\n\t\t\t\t\t<a class=\"elementor-button elementor-button-link elementor-size-xs\" href=\"https:\/\/tableroshispanos.es\/pt-pt\/contacto\/\" title=\"Ir a p\u00e1gina de contacto\">\n\t\t\t\t\t\t<span class=\"elementor-button-content-wrapper\">\n\t\t\t\t\t\t\t\t\t<span class=\"elementor-button-text\">Contacto<\/span>\n\t\t\t\t\t<\/span>\n\t\t\t\t\t<\/a>\n\t\t\t\t<\/div>\n\t\t\t\t\t\t\t\t<\/div>\n\t\t\t\t<\/div>\n\t\t\t\t\t<\/div>\n\t\t<\/div>\n\t\t\t\t\t<\/div>\n\t\t<\/section>\n\t\t\t\t\t<\/div>\n\t\t<\/div>\n\t\t\t\t\t<\/div>\n\t\t<\/section>\n\t\t\t\t<\/div>\n\t\t","protected":false},"excerpt":{"rendered":"<p>Trabalha connosco Envia-nos o teu CV e n\u00f3s transmiti-lo-emos ao nosso departamento de RH, que te contactar\u00e1 se o teu perfil profissional corresponder a alguma das nossas vagas. Respons\u00e1vel pelo tratamento de dados: Os teus dados ser\u00e3o tratados por qualquer uma das empresas indicadas na Pol\u00edtica de Privacidade deste s\u00edtio Web. Finalidade e legitimidade: os [&hellip;]<\/p>\n","protected":false},"author":3,"featured_media":3694,"parent":0,"menu_order":8,"comment_status":"closed","ping_status":"closed","template":"","meta":{"_acf_changed":false,"footnotes":""},"false":[],"class_list":["post-3688","page","type-page","status-publish","has-post-thumbnail","hentry"],"acf":[],"_links":{"self":[{"href":"https:\/\/tableroshispanos.es\/pt-pt\/wp-json\/wp\/v2\/pages\/3688","targetHints":{"allow":["GET"]}}],"collection":[{"href":"https:\/\/tableroshispanos.es\/pt-pt\/wp-json\/wp\/v2\/pages"}],"about":[{"href":"https:\/\/tableroshispanos.es\/pt-pt\/wp-json\/wp\/v2\/types\/page"}],"author":[{"embeddable":true,"href":"https:\/\/tableroshispanos.es\/pt-pt\/wp-json\/wp\/v2\/users\/3"}],"replies":[{"embeddable":true,"href":"https:\/\/tableroshispanos.es\/pt-pt\/wp-json\/wp\/v2\/comments?post=3688"}],"version-history":[{"count":2,"href":"https:\/\/tableroshispanos.es\/pt-pt\/wp-json\/wp\/v2\/pages\/3688\/revisions"}],"predecessor-version":[{"id":3705,"href":"https:\/\/tableroshispanos.es\/pt-pt\/wp-json\/wp\/v2\/pages\/3688\/revisions\/3705"}],"wp:featuredmedia":[{"embeddable":true,"href":"https:\/\/tableroshispanos.es\/pt-pt\/wp-json\/wp\/v2\/media\/3694"}],"wp:attachment":[{"href":"https:\/\/tableroshispanos.es\/pt-pt\/wp-json\/wp\/v2\/media?parent=3688"}],"wp:term":[{"taxonomy":"product_tag","embeddable":true,"href":"https:\/\/tableroshispanos.es\/pt-pt\/wp-json\/wp\/v2\/false?post=3688"}],"curies":[{"name":"wp","href":"https:\/\/api.w.org\/{rel}","templated":true}]}}