{"id":3900,"date":"2023-10-02T10:41:07","date_gmt":"2023-10-02T08:41:07","guid":{"rendered":"https:\/\/tableroshispanos.es\/productos\/carvalho-telluriano\/"},"modified":"2024-05-09T16:36:58","modified_gmt":"2024-05-09T14:36:58","slug":"carvalho-telluriano","status":"publish","type":"product","link":"https:\/\/tableroshispanos.es\/pt-pt\/productos\/carvalho-telluriano\/","title":{"rendered":"Roble Tellurian"},"content":{"rendered":"","protected":false},"excerpt":{"rendered":"<p class=\"p1\">Design em tons n\u00f3rdicos com um car\u00e1cter r\u00fastico. As madeiras r\u00fasticas vieram para ficar e j\u00e1 fazem parte da nossa decora\u00e7\u00e3o. Este desenho, com a sua p\u00e1tina branca leve e delicada e as suas fendas subtis e estilizadas, \u00e9 insubstitu\u00edvel.<\/p>\n","protected":false},"featured_media":3901,"comment_status":"open","ping_status":"closed","template":"","meta":{"_acf_changed":false},"product_brand":[],"false":[],"acabado":[132],"coleccion":[],"tono":[145],"ancho":[133,134,139],"class_list":{"0":"post-3900","1":"product","2":"type-product","3":"status-publish","4":"has-post-thumbnail","6":"product_cat-madeira","7":"product_cat-todos-pt-pt","8":"acabado-madeira","9":"tono-natural","10":"ancho-1220-pt-pt","11":"ancho-2100-pt-pt","12":"ancho-2140-pt-pt","14":"first","15":"instock","16":"shipping-taxable","17":"product-type-simple"},"acf":[],"_links":{"self":[{"href":"https:\/\/tableroshispanos.es\/pt-pt\/wp-json\/wp\/v2\/product\/3900","targetHints":{"allow":["GET"]}}],"collection":[{"href":"https:\/\/tableroshispanos.es\/pt-pt\/wp-json\/wp\/v2\/product"}],"about":[{"href":"https:\/\/tableroshispanos.es\/pt-pt\/wp-json\/wp\/v2\/types\/product"}],"replies":[{"embeddable":true,"href":"https:\/\/tableroshispanos.es\/pt-pt\/wp-json\/wp\/v2\/comments?post=3900"}],"wp:featuredmedia":[{"embeddable":true,"href":"https:\/\/tableroshispanos.es\/pt-pt\/wp-json\/wp\/v2\/media\/3901"}],"wp:attachment":[{"href":"https:\/\/tableroshispanos.es\/pt-pt\/wp-json\/wp\/v2\/media?parent=3900"}],"wp:term":[{"taxonomy":"product_brand","embeddable":true,"href":"https:\/\/tableroshispanos.es\/pt-pt\/wp-json\/wp\/v2\/product_brand?post=3900"},{"taxonomy":"product_cat","embeddable":true,"href":"https:\/\/tableroshispanos.es\/pt-pt\/wp-json\/wp\/v2\/false?post=3900"},{"taxonomy":"product_tag","embeddable":true,"href":"https:\/\/tableroshispanos.es\/pt-pt\/wp-json\/wp\/v2\/false?post=3900"},{"taxonomy":"acabado","embeddable":true,"href":"https:\/\/tableroshispanos.es\/pt-pt\/wp-json\/wp\/v2\/acabado?post=3900"},{"taxonomy":"coleccion","embeddable":true,"href":"https:\/\/tableroshispanos.es\/pt-pt\/wp-json\/wp\/v2\/coleccion?post=3900"},{"taxonomy":"tono","embeddable":true,"href":"https:\/\/tableroshispanos.es\/pt-pt\/wp-json\/wp\/v2\/tono?post=3900"},{"taxonomy":"ancho","embeddable":true,"href":"https:\/\/tableroshispanos.es\/pt-pt\/wp-json\/wp\/v2\/ancho?post=3900"}],"curies":[{"name":"wp","href":"https:\/\/api.w.org\/{rel}","templated":true}]}}