{"id":3934,"date":"2023-10-02T10:41:06","date_gmt":"2023-10-02T08:41:06","guid":{"rendered":"https:\/\/tableroshispanos.es\/productos\/carvalho-de-tera\/"},"modified":"2024-05-09T16:39:20","modified_gmt":"2024-05-09T14:39:20","slug":"carvalho-de-tera","status":"publish","type":"product","link":"https:\/\/tableroshispanos.es\/pt-pt\/productos\/carvalho-de-tera\/","title":{"rendered":"Roble Tera"},"content":{"rendered":"","protected":false},"excerpt":{"rendered":"<p class=\"p1\">Um cl\u00e1ssico entre os cl\u00e1ssicos. A sua cor e estrutura perduram h\u00e1 d\u00e9cadas e as suas linhas simples mas equilibradas, o seu design tradicional mas duradouro e a sua cor de mel quente continuam a fazer dele um dos nossos favoritos para todo o tipo de divis\u00f5es.<\/p>\n","protected":false},"featured_media":3939,"comment_status":"open","ping_status":"closed","template":"","meta":{"_acf_changed":false},"product_brand":[],"false":[],"acabado":[132],"coleccion":[],"tono":[145],"ancho":[133,134],"class_list":{"0":"post-3934","1":"product","2":"type-product","3":"status-publish","4":"has-post-thumbnail","6":"product_cat-madeira","7":"product_cat-todos-pt-pt","8":"acabado-madeira","9":"tono-natural","10":"ancho-1220-pt-pt","11":"ancho-2100-pt-pt","13":"first","14":"instock","15":"shipping-taxable","16":"product-type-simple"},"acf":[],"_links":{"self":[{"href":"https:\/\/tableroshispanos.es\/pt-pt\/wp-json\/wp\/v2\/product\/3934","targetHints":{"allow":["GET"]}}],"collection":[{"href":"https:\/\/tableroshispanos.es\/pt-pt\/wp-json\/wp\/v2\/product"}],"about":[{"href":"https:\/\/tableroshispanos.es\/pt-pt\/wp-json\/wp\/v2\/types\/product"}],"replies":[{"embeddable":true,"href":"https:\/\/tableroshispanos.es\/pt-pt\/wp-json\/wp\/v2\/comments?post=3934"}],"wp:featuredmedia":[{"embeddable":true,"href":"https:\/\/tableroshispanos.es\/pt-pt\/wp-json\/wp\/v2\/media\/3939"}],"wp:attachment":[{"href":"https:\/\/tableroshispanos.es\/pt-pt\/wp-json\/wp\/v2\/media?parent=3934"}],"wp:term":[{"taxonomy":"product_brand","embeddable":true,"href":"https:\/\/tableroshispanos.es\/pt-pt\/wp-json\/wp\/v2\/product_brand?post=3934"},{"taxonomy":"product_cat","embeddable":true,"href":"https:\/\/tableroshispanos.es\/pt-pt\/wp-json\/wp\/v2\/false?post=3934"},{"taxonomy":"product_tag","embeddable":true,"href":"https:\/\/tableroshispanos.es\/pt-pt\/wp-json\/wp\/v2\/false?post=3934"},{"taxonomy":"acabado","embeddable":true,"href":"https:\/\/tableroshispanos.es\/pt-pt\/wp-json\/wp\/v2\/acabado?post=3934"},{"taxonomy":"coleccion","embeddable":true,"href":"https:\/\/tableroshispanos.es\/pt-pt\/wp-json\/wp\/v2\/coleccion?post=3934"},{"taxonomy":"tono","embeddable":true,"href":"https:\/\/tableroshispanos.es\/pt-pt\/wp-json\/wp\/v2\/tono?post=3934"},{"taxonomy":"ancho","embeddable":true,"href":"https:\/\/tableroshispanos.es\/pt-pt\/wp-json\/wp\/v2\/ancho?post=3934"}],"curies":[{"name":"wp","href":"https:\/\/api.w.org\/{rel}","templated":true}]}}