{"id":3936,"date":"2023-10-02T10:41:09","date_gmt":"2023-10-02T08:41:09","guid":{"rendered":"https:\/\/tableroshispanos.es\/productos\/textil-atlantico\/"},"modified":"2024-05-09T16:24:36","modified_gmt":"2024-05-09T14:24:36","slug":"textil-atlantico","status":"publish","type":"product","link":"https:\/\/tableroshispanos.es\/pt-pt\/productos\/textil-atlantico\/","title":{"rendered":"Textil Atl\u00e1ntico"},"content":{"rendered":"","protected":false},"excerpt":{"rendered":"<p class=\"p1\">Decorativo, n\u00e3o s\u00f3 visualmente atraente, mas tamb\u00e9m t\u00e1til, gra\u00e7as ao seu aspeto de tecido com fibras entrela\u00e7adas. Este design confere robustez mas, ao mesmo tempo, um toque quente. O seu contraste com outros materiais, como o bet\u00e3o ou a madeira, faz deste design uma mais-valia em termos de materialidade, ideal para ambientes modernos e urbanos.<\/p>\n","protected":false},"featured_media":3946,"comment_status":"open","ping_status":"closed","template":"","meta":{"_acf_changed":false},"product_brand":[],"false":[152,151,153],"acabado":[143],"coleccion":[148],"tono":[145],"ancho":[134],"class_list":{"0":"post-3936","1":"product","2":"type-product","3":"status-publish","4":"has-post-thumbnail","6":"product_cat-texteis","7":"product_cat-todos-pt-pt","8":"product_tag-moderno-pt-pt","9":"product_tag-toca","10":"product_tag-urbano-pt-pt","11":"acabado-texteis","12":"coleccion-o-caminho","13":"tono-natural","14":"ancho-2100-pt-pt","16":"first","17":"instock","18":"shipping-taxable","19":"product-type-simple"},"acf":[],"_links":{"self":[{"href":"https:\/\/tableroshispanos.es\/pt-pt\/wp-json\/wp\/v2\/product\/3936","targetHints":{"allow":["GET"]}}],"collection":[{"href":"https:\/\/tableroshispanos.es\/pt-pt\/wp-json\/wp\/v2\/product"}],"about":[{"href":"https:\/\/tableroshispanos.es\/pt-pt\/wp-json\/wp\/v2\/types\/product"}],"replies":[{"embeddable":true,"href":"https:\/\/tableroshispanos.es\/pt-pt\/wp-json\/wp\/v2\/comments?post=3936"}],"wp:featuredmedia":[{"embeddable":true,"href":"https:\/\/tableroshispanos.es\/pt-pt\/wp-json\/wp\/v2\/media\/3946"}],"wp:attachment":[{"href":"https:\/\/tableroshispanos.es\/pt-pt\/wp-json\/wp\/v2\/media?parent=3936"}],"wp:term":[{"taxonomy":"product_brand","embeddable":true,"href":"https:\/\/tableroshispanos.es\/pt-pt\/wp-json\/wp\/v2\/product_brand?post=3936"},{"taxonomy":"product_cat","embeddable":true,"href":"https:\/\/tableroshispanos.es\/pt-pt\/wp-json\/wp\/v2\/false?post=3936"},{"taxonomy":"product_tag","embeddable":true,"href":"https:\/\/tableroshispanos.es\/pt-pt\/wp-json\/wp\/v2\/false?post=3936"},{"taxonomy":"acabado","embeddable":true,"href":"https:\/\/tableroshispanos.es\/pt-pt\/wp-json\/wp\/v2\/acabado?post=3936"},{"taxonomy":"coleccion","embeddable":true,"href":"https:\/\/tableroshispanos.es\/pt-pt\/wp-json\/wp\/v2\/coleccion?post=3936"},{"taxonomy":"tono","embeddable":true,"href":"https:\/\/tableroshispanos.es\/pt-pt\/wp-json\/wp\/v2\/tono?post=3936"},{"taxonomy":"ancho","embeddable":true,"href":"https:\/\/tableroshispanos.es\/pt-pt\/wp-json\/wp\/v2\/ancho?post=3936"}],"curies":[{"name":"wp","href":"https:\/\/api.w.org\/{rel}","templated":true}]}}