{"id":4056,"date":"2023-10-02T10:41:02","date_gmt":"2023-10-02T08:41:02","guid":{"rendered":"https:\/\/tableroshispanos.es\/productos\/alba-linear\/"},"modified":"2024-05-09T17:07:21","modified_gmt":"2024-05-09T15:07:21","slug":"alba-linear","status":"publish","type":"product","link":"https:\/\/tableroshispanos.es\/pt-pt\/productos\/alba-linear\/","title":{"rendered":"Alba Lineal"},"content":{"rendered":"","protected":false},"excerpt":{"rendered":"<p>Alba Lineal \u00e9 um design que se caracteriza por estruturas estriadas finas numa progress\u00e3o natural. Esta atraente fantasia em tons brancos pode ser combinada com todo o tipo de cores e texturas, conseguindo um acabamento muito moderno que satisfaz todas as exig\u00eancias das \u00faltimas tend\u00eancias.<\/p>\n","protected":false},"featured_media":4067,"comment_status":"open","ping_status":"closed","template":"","meta":{"_acf_changed":false},"product_brand":[],"false":[],"acabado":[157],"coleccion":[],"tono":[146],"ancho":[134,139],"class_list":{"0":"post-4056","1":"product","2":"type-product","3":"status-publish","4":"has-post-thumbnail","6":"product_cat-fantasias-pt-pt","7":"product_cat-linear","8":"product_cat-todos-pt-pt","9":"acabado-linear","10":"tono-limpa","11":"ancho-2100-pt-pt","12":"ancho-2140-pt-pt","14":"first","15":"instock","16":"shipping-taxable","17":"product-type-simple"},"acf":[],"_links":{"self":[{"href":"https:\/\/tableroshispanos.es\/pt-pt\/wp-json\/wp\/v2\/product\/4056","targetHints":{"allow":["GET"]}}],"collection":[{"href":"https:\/\/tableroshispanos.es\/pt-pt\/wp-json\/wp\/v2\/product"}],"about":[{"href":"https:\/\/tableroshispanos.es\/pt-pt\/wp-json\/wp\/v2\/types\/product"}],"replies":[{"embeddable":true,"href":"https:\/\/tableroshispanos.es\/pt-pt\/wp-json\/wp\/v2\/comments?post=4056"}],"wp:featuredmedia":[{"embeddable":true,"href":"https:\/\/tableroshispanos.es\/pt-pt\/wp-json\/wp\/v2\/media\/4067"}],"wp:attachment":[{"href":"https:\/\/tableroshispanos.es\/pt-pt\/wp-json\/wp\/v2\/media?parent=4056"}],"wp:term":[{"taxonomy":"product_brand","embeddable":true,"href":"https:\/\/tableroshispanos.es\/pt-pt\/wp-json\/wp\/v2\/product_brand?post=4056"},{"taxonomy":"product_cat","embeddable":true,"href":"https:\/\/tableroshispanos.es\/pt-pt\/wp-json\/wp\/v2\/false?post=4056"},{"taxonomy":"product_tag","embeddable":true,"href":"https:\/\/tableroshispanos.es\/pt-pt\/wp-json\/wp\/v2\/false?post=4056"},{"taxonomy":"acabado","embeddable":true,"href":"https:\/\/tableroshispanos.es\/pt-pt\/wp-json\/wp\/v2\/acabado?post=4056"},{"taxonomy":"coleccion","embeddable":true,"href":"https:\/\/tableroshispanos.es\/pt-pt\/wp-json\/wp\/v2\/coleccion?post=4056"},{"taxonomy":"tono","embeddable":true,"href":"https:\/\/tableroshispanos.es\/pt-pt\/wp-json\/wp\/v2\/tono?post=4056"},{"taxonomy":"ancho","embeddable":true,"href":"https:\/\/tableroshispanos.es\/pt-pt\/wp-json\/wp\/v2\/ancho?post=4056"}],"curies":[{"name":"wp","href":"https:\/\/api.w.org\/{rel}","templated":true}]}}