{"id":4092,"date":"2023-10-02T10:41:02","date_gmt":"2023-10-02T08:41:02","guid":{"rendered":"https:\/\/tableroshispanos.es\/productos\/castanha-linear\/"},"modified":"2024-05-09T17:06:56","modified_gmt":"2024-05-09T15:06:56","slug":"castanha-linear","status":"publish","type":"product","link":"https:\/\/tableroshispanos.es\/pt-pt\/productos\/castanha-linear\/","title":{"rendered":"Casta\u00f1o Lineal"},"content":{"rendered":"","protected":false},"excerpt":{"rendered":"<p class=\"p1\">Este design caracteriza-se por estruturas com nervuras finas numa progress\u00e3o natural. Em tons de vison, pode ser combinado com todo o tipo de cores e texturas, conseguindo um acabamento muito moderno que se adapta perfeitamente \u00e0s \u00faltimas tend\u00eancias.<\/p>\n","protected":false},"featured_media":4103,"comment_status":"open","ping_status":"closed","template":"","meta":{"_acf_changed":false},"product_brand":[],"false":[],"acabado":[157],"coleccion":[],"tono":[145],"ancho":[134,139],"class_list":{"0":"post-4092","1":"product","2":"type-product","3":"status-publish","4":"has-post-thumbnail","6":"product_cat-fantasias-pt-pt","7":"product_cat-linear","8":"product_cat-todos-pt-pt","9":"acabado-linear","10":"tono-natural","11":"ancho-2100-pt-pt","12":"ancho-2140-pt-pt","14":"first","15":"instock","16":"shipping-taxable","17":"product-type-simple"},"acf":[],"_links":{"self":[{"href":"https:\/\/tableroshispanos.es\/pt-pt\/wp-json\/wp\/v2\/product\/4092","targetHints":{"allow":["GET"]}}],"collection":[{"href":"https:\/\/tableroshispanos.es\/pt-pt\/wp-json\/wp\/v2\/product"}],"about":[{"href":"https:\/\/tableroshispanos.es\/pt-pt\/wp-json\/wp\/v2\/types\/product"}],"replies":[{"embeddable":true,"href":"https:\/\/tableroshispanos.es\/pt-pt\/wp-json\/wp\/v2\/comments?post=4092"}],"wp:featuredmedia":[{"embeddable":true,"href":"https:\/\/tableroshispanos.es\/pt-pt\/wp-json\/wp\/v2\/media\/4103"}],"wp:attachment":[{"href":"https:\/\/tableroshispanos.es\/pt-pt\/wp-json\/wp\/v2\/media?parent=4092"}],"wp:term":[{"taxonomy":"product_brand","embeddable":true,"href":"https:\/\/tableroshispanos.es\/pt-pt\/wp-json\/wp\/v2\/product_brand?post=4092"},{"taxonomy":"product_cat","embeddable":true,"href":"https:\/\/tableroshispanos.es\/pt-pt\/wp-json\/wp\/v2\/false?post=4092"},{"taxonomy":"product_tag","embeddable":true,"href":"https:\/\/tableroshispanos.es\/pt-pt\/wp-json\/wp\/v2\/false?post=4092"},{"taxonomy":"acabado","embeddable":true,"href":"https:\/\/tableroshispanos.es\/pt-pt\/wp-json\/wp\/v2\/acabado?post=4092"},{"taxonomy":"coleccion","embeddable":true,"href":"https:\/\/tableroshispanos.es\/pt-pt\/wp-json\/wp\/v2\/coleccion?post=4092"},{"taxonomy":"tono","embeddable":true,"href":"https:\/\/tableroshispanos.es\/pt-pt\/wp-json\/wp\/v2\/tono?post=4092"},{"taxonomy":"ancho","embeddable":true,"href":"https:\/\/tableroshispanos.es\/pt-pt\/wp-json\/wp\/v2\/ancho?post=4092"}],"curies":[{"name":"wp","href":"https:\/\/api.w.org\/{rel}","templated":true}]}}