{"id":4192,"date":"2023-10-02T10:41:06","date_gmt":"2023-10-02T08:41:06","guid":{"rendered":"https:\/\/tableroshispanos.es\/productos\/sapelly-carrion\/"},"modified":"2024-05-09T16:40:52","modified_gmt":"2024-05-09T14:40:52","slug":"sapelly-carrion","status":"publish","type":"product","link":"https:\/\/tableroshispanos.es\/pt-pt\/productos\/sapelly-carrion\/","title":{"rendered":"Sapelly Carri\u00f3n"},"content":{"rendered":"","protected":false},"excerpt":{"rendered":"<p class=\"p1\">Design cl\u00e1ssico e intemporal. Sapelli \u00e9 a madeira ex\u00f3tica por excel\u00eancia, a sua cor vermelha profunda lembra-nos lugares paradis\u00edacos, e a sua estrutura de gr\u00e3o poderoso e estilizado confere equil\u00edbrio e linearidade ao design. O conjunto adquire uma robustez invulgar e elegante.<\/p>\n","protected":false},"featured_media":4193,"comment_status":"open","ping_status":"closed","template":"","meta":{"_acf_changed":false},"product_brand":[],"false":[],"acabado":[132],"coleccion":[],"tono":[137],"ancho":[133,134,139],"class_list":{"0":"post-4192","1":"product","2":"type-product","3":"status-publish","4":"has-post-thumbnail","6":"product_cat-madeira","7":"product_cat-todos-pt-pt","8":"acabado-madeira","9":"tono-escuro","10":"ancho-1220-pt-pt","11":"ancho-2100-pt-pt","12":"ancho-2140-pt-pt","14":"first","15":"instock","16":"shipping-taxable","17":"product-type-simple"},"acf":[],"_links":{"self":[{"href":"https:\/\/tableroshispanos.es\/pt-pt\/wp-json\/wp\/v2\/product\/4192","targetHints":{"allow":["GET"]}}],"collection":[{"href":"https:\/\/tableroshispanos.es\/pt-pt\/wp-json\/wp\/v2\/product"}],"about":[{"href":"https:\/\/tableroshispanos.es\/pt-pt\/wp-json\/wp\/v2\/types\/product"}],"replies":[{"embeddable":true,"href":"https:\/\/tableroshispanos.es\/pt-pt\/wp-json\/wp\/v2\/comments?post=4192"}],"wp:featuredmedia":[{"embeddable":true,"href":"https:\/\/tableroshispanos.es\/pt-pt\/wp-json\/wp\/v2\/media\/4193"}],"wp:attachment":[{"href":"https:\/\/tableroshispanos.es\/pt-pt\/wp-json\/wp\/v2\/media?parent=4192"}],"wp:term":[{"taxonomy":"product_brand","embeddable":true,"href":"https:\/\/tableroshispanos.es\/pt-pt\/wp-json\/wp\/v2\/product_brand?post=4192"},{"taxonomy":"product_cat","embeddable":true,"href":"https:\/\/tableroshispanos.es\/pt-pt\/wp-json\/wp\/v2\/false?post=4192"},{"taxonomy":"product_tag","embeddable":true,"href":"https:\/\/tableroshispanos.es\/pt-pt\/wp-json\/wp\/v2\/false?post=4192"},{"taxonomy":"acabado","embeddable":true,"href":"https:\/\/tableroshispanos.es\/pt-pt\/wp-json\/wp\/v2\/acabado?post=4192"},{"taxonomy":"coleccion","embeddable":true,"href":"https:\/\/tableroshispanos.es\/pt-pt\/wp-json\/wp\/v2\/coleccion?post=4192"},{"taxonomy":"tono","embeddable":true,"href":"https:\/\/tableroshispanos.es\/pt-pt\/wp-json\/wp\/v2\/tono?post=4192"},{"taxonomy":"ancho","embeddable":true,"href":"https:\/\/tableroshispanos.es\/pt-pt\/wp-json\/wp\/v2\/ancho?post=4192"}],"curies":[{"name":"wp","href":"https:\/\/api.w.org\/{rel}","templated":true}]}}